{"id":8,"date":"2023-08-17T13:12:41","date_gmt":"2023-08-17T10:12:41","guid":{"rendered":"https:\/\/ensonpartiosiskot.partioscout.fi\/tapahtumat\/?lang=fi"},"modified":"2026-03-09T22:19:04","modified_gmt":"2026-03-09T20:19:04","slug":"tapahtumat","status":"publish","type":"page","link":"https:\/\/ensonpartiosiskot.partioscout.fi\/?page_id=8","title":{"rendered":"Tapahtumat"},"content":{"rendered":"\n<div class=\"wp-block-columns is-layout-flex wp-container-core-columns-is-layout-9d6595d7 wp-block-columns-is-layout-flex\">\n<div class=\"wp-block-column is-layout-flow wp-block-column-is-layout-flow\">\n<div class=\"wp-block-columns is-layout-flex wp-container-core-columns-is-layout-9d6595d7 wp-block-columns-is-layout-flex\">\n<div class=\"wp-block-column is-layout-flow wp-block-column-is-layout-flow\" style=\"flex-basis:100%\">\n<figure class=\"wp-block-image size-large is-resized\"><img decoding=\"async\" width=\"724\" height=\"1024\" src=\"https:\/\/ensonpartiosiskot.partioscout.fi\/wp-content\/uploads\/sites\/124\/2026\/02\/WhatsApp-Image-2026-01-21-at-08.47.35-724x1024.jpeg\" alt=\"\" class=\"wp-image-266\" style=\"aspect-ratio:0.7070821529745043;width:241px;height:auto\" srcset=\"https:\/\/ensonpartiosiskot.partioscout.fi\/wp-content\/uploads\/sites\/124\/2026\/02\/WhatsApp-Image-2026-01-21-at-08.47.35-724x1024.jpeg 724w, https:\/\/ensonpartiosiskot.partioscout.fi\/wp-content\/uploads\/sites\/124\/2026\/02\/WhatsApp-Image-2026-01-21-at-08.47.35-212x300.jpeg 212w, https:\/\/ensonpartiosiskot.partioscout.fi\/wp-content\/uploads\/sites\/124\/2026\/02\/WhatsApp-Image-2026-01-21-at-08.47.35-768x1086.jpeg 768w, https:\/\/ensonpartiosiskot.partioscout.fi\/wp-content\/uploads\/sites\/124\/2026\/02\/WhatsApp-Image-2026-01-21-at-08.47.35-1086x1536.jpeg 1086w, https:\/\/ensonpartiosiskot.partioscout.fi\/wp-content\/uploads\/sites\/124\/2026\/02\/WhatsApp-Image-2026-01-21-at-08.47.35-249x352.jpeg 249w, https:\/\/ensonpartiosiskot.partioscout.fi\/wp-content\/uploads\/sites\/124\/2026\/02\/WhatsApp-Image-2026-01-21-at-08.47.35.jpeg 1131w\" sizes=\"(max-width: 724px) 85vw, 724px\" \/><figcaption class=\"wp-element-caption\"><strong>Lippukunnan kev\u00e4tretki Legendojen leirinuotio 10-12.4.2026<\/strong><\/figcaption><\/figure>\n\n\n\n<figure class=\"wp-block-image size-large is-resized\"><img decoding=\"async\" width=\"1024\" height=\"1024\" src=\"https:\/\/ensonpartiosiskot.partioscout.fi\/wp-content\/uploads\/sites\/124\/2024\/09\/WhatsApp-Image-2024-09-01-at-18.46.54-1-1024x1024.jpeg\" alt=\"\" class=\"wp-image-216\" style=\"width:234px;height:auto\" srcset=\"https:\/\/ensonpartiosiskot.partioscout.fi\/wp-content\/uploads\/sites\/124\/2024\/09\/WhatsApp-Image-2024-09-01-at-18.46.54-1-1024x1024.jpeg 1024w, https:\/\/ensonpartiosiskot.partioscout.fi\/wp-content\/uploads\/sites\/124\/2024\/09\/WhatsApp-Image-2024-09-01-at-18.46.54-1-300x300.jpeg 300w, https:\/\/ensonpartiosiskot.partioscout.fi\/wp-content\/uploads\/sites\/124\/2024\/09\/WhatsApp-Image-2024-09-01-at-18.46.54-1-150x150.jpeg 150w, https:\/\/ensonpartiosiskot.partioscout.fi\/wp-content\/uploads\/sites\/124\/2024\/09\/WhatsApp-Image-2024-09-01-at-18.46.54-1-768x767.jpeg 768w, https:\/\/ensonpartiosiskot.partioscout.fi\/wp-content\/uploads\/sites\/124\/2024\/09\/WhatsApp-Image-2024-09-01-at-18.46.54-1-352x352.jpeg 352w, https:\/\/ensonpartiosiskot.partioscout.fi\/wp-content\/uploads\/sites\/124\/2024\/09\/WhatsApp-Image-2024-09-01-at-18.46.54-1.jpeg 1080w\" sizes=\"(max-width: 1024px) 100vw, 1024px\" \/><figcaption class=\"wp-element-caption\"><strong>Lippukunnan syysretki Epsikosmos 15.-17. Retsolassa<\/strong>.<\/figcaption><\/figure>\n<\/div>\n<\/div>\n<\/div>\n<\/div>\n\n\n\n<div class=\"wp-block-columns is-layout-flex wp-container-core-columns-is-layout-9d6595d7 wp-block-columns-is-layout-flex\">\n<div class=\"wp-block-column is-layout-flow wp-block-column-is-layout-flow\" style=\"flex-basis:66.66%\">\n<figure class=\"wp-block-gallery has-nested-images columns-default is-cropped wp-block-gallery-1 is-layout-flex wp-block-gallery-is-layout-flex\">\n<figure class=\"wp-block-image size-large is-resized\"><img decoding=\"async\" width=\"1021\" height=\"1024\" data-id=\"124\" src=\"https:\/\/ensonpartiosiskot.partioscout.fi\/wp-content\/uploads\/sites\/124\/2023\/10\/puolen-hehtaarin-epsimetsa.jpeg\" alt=\"\" class=\"wp-image-124\" style=\"width:208px;height:auto\" srcset=\"https:\/\/ensonpartiosiskot.partioscout.fi\/wp-content\/uploads\/sites\/124\/2023\/10\/puolen-hehtaarin-epsimetsa.jpeg 1021w, https:\/\/ensonpartiosiskot.partioscout.fi\/wp-content\/uploads\/sites\/124\/2023\/10\/puolen-hehtaarin-epsimetsa-300x300.jpeg 300w, https:\/\/ensonpartiosiskot.partioscout.fi\/wp-content\/uploads\/sites\/124\/2023\/10\/puolen-hehtaarin-epsimetsa-150x150.jpeg 150w, https:\/\/ensonpartiosiskot.partioscout.fi\/wp-content\/uploads\/sites\/124\/2023\/10\/puolen-hehtaarin-epsimetsa-768x770.jpeg 768w, https:\/\/ensonpartiosiskot.partioscout.fi\/wp-content\/uploads\/sites\/124\/2023\/10\/puolen-hehtaarin-epsimetsa-351x352.jpeg 351w\" sizes=\"(max-width: 1021px) 100vw, 1021px\" \/><\/figure>\n<\/figure>\n\n\n\n<p><strong>Lippukunnan syysretki Puolen hehtaarin Epsimets\u00e4 17.-19.11.2023.<\/strong><br>Ilmoittautuminen p\u00e4\u00e4ttyy 18.11.<\/p>\n<\/div>\n<\/div>\n\n\n\n<figure class=\"wp-block-image size-large is-resized\"><img decoding=\"async\" width=\"923\" height=\"1024\" src=\"https:\/\/ensonpartiosiskot.partioscout.fi\/wp-content\/uploads\/sites\/124\/2024\/08\/epsien-aloituskokous-5-923x1024.jpg\" alt=\"\" class=\"wp-image-207\" style=\"aspect-ratio:0.9014084507042254;width:252px;height:auto\" srcset=\"https:\/\/ensonpartiosiskot.partioscout.fi\/wp-content\/uploads\/sites\/124\/2024\/08\/epsien-aloituskokous-5-923x1024.jpg 923w, https:\/\/ensonpartiosiskot.partioscout.fi\/wp-content\/uploads\/sites\/124\/2024\/08\/epsien-aloituskokous-5-271x300.jpg 271w, https:\/\/ensonpartiosiskot.partioscout.fi\/wp-content\/uploads\/sites\/124\/2024\/08\/epsien-aloituskokous-5-768x852.jpg 768w, https:\/\/ensonpartiosiskot.partioscout.fi\/wp-content\/uploads\/sites\/124\/2024\/08\/epsien-aloituskokous-5-317x352.jpg 317w, https:\/\/ensonpartiosiskot.partioscout.fi\/wp-content\/uploads\/sites\/124\/2024\/08\/epsien-aloituskokous-5.jpg 1056w\" sizes=\"(max-width: 923px) 100vw, 923px\" \/><\/figure>\n","protected":false},"excerpt":{"rendered":"<p>Lippukunnan syysretki Puolen hehtaarin Epsimets\u00e4 17.-19.11.2023.Ilmoittautuminen p\u00e4\u00e4ttyy 18.11.<\/p>\n","protected":false},"author":244,"featured_media":0,"parent":0,"menu_order":0,"comment_status":"closed","ping_status":"closed","template":"","meta":{"_acf_changed":false,"footnotes":""},"class_list":["post-8","page","type-page","status-publish","hentry"],"acf":[],"yoast_head":"<!-- This site is optimized with the Yoast SEO plugin v27.4 - https:\/\/yoast.com\/product\/yoast-seo-wordpress\/ -->\n<title>Tapahtumat - Enson Partiosiskot<\/title>\n<meta name=\"robots\" content=\"index, follow, max-snippet:-1, max-image-preview:large, max-video-preview:-1\" \/>\n<link rel=\"canonical\" href=\"https:\/\/ensonpartiosiskot.partioscout.fi\/?page_id=8\" \/>\n<meta property=\"og:locale\" content=\"fi_FI\" \/>\n<meta property=\"og:type\" content=\"article\" \/>\n<meta property=\"og:title\" content=\"Tapahtumat - Enson Partiosiskot\" \/>\n<meta property=\"og:description\" content=\"Lippukunnan syysretki Puolen hehtaarin Epsimets\u00e4 17.-19.11.2023.Ilmoittautuminen p\u00e4\u00e4ttyy 18.11.\" \/>\n<meta property=\"og:url\" content=\"https:\/\/ensonpartiosiskot.partioscout.fi\/?page_id=8\" \/>\n<meta property=\"og:site_name\" content=\"Enson Partiosiskot\" \/>\n<meta property=\"article:modified_time\" content=\"2026-03-09T20:19:04+00:00\" \/>\n<meta property=\"og:image\" content=\"https:\/\/ensonpartiosiskot.partioscout.fi\/wp-content\/uploads\/sites\/124\/2026\/02\/WhatsApp-Image-2026-01-21-at-08.47.35.jpeg\" \/>\n\t<meta property=\"og:image:width\" content=\"1131\" \/>\n\t<meta property=\"og:image:height\" content=\"1600\" \/>\n\t<meta property=\"og:image:type\" content=\"image\/jpeg\" \/>\n<meta name=\"twitter:card\" content=\"summary_large_image\" \/>\n<meta name=\"twitter:label1\" content=\"Est. reading time\" \/>\n\t<meta name=\"twitter:data1\" content=\"2 minuuttia\" \/>\n<script type=\"application\/ld+json\" class=\"yoast-schema-graph\">{\"@context\":\"https:\\\/\\\/schema.org\",\"@graph\":[{\"@type\":\"WebPage\",\"@id\":\"https:\\\/\\\/ensonpartiosiskot.partioscout.fi\\\/?page_id=8\",\"url\":\"https:\\\/\\\/ensonpartiosiskot.partioscout.fi\\\/?page_id=8\",\"name\":\"Tapahtumat - Enson Partiosiskot\",\"isPartOf\":{\"@id\":\"https:\\\/\\\/ensonpartiosiskot.partioscout.fi\\\/#website\"},\"primaryImageOfPage\":{\"@id\":\"https:\\\/\\\/ensonpartiosiskot.partioscout.fi\\\/?page_id=8#primaryimage\"},\"image\":{\"@id\":\"https:\\\/\\\/ensonpartiosiskot.partioscout.fi\\\/?page_id=8#primaryimage\"},\"thumbnailUrl\":\"https:\\\/\\\/ensonpartiosiskot.partioscout.fi\\\/wp-content\\\/uploads\\\/sites\\\/124\\\/2026\\\/02\\\/WhatsApp-Image-2026-01-21-at-08.47.35-724x1024.jpeg\",\"datePublished\":\"2023-08-17T10:12:41+00:00\",\"dateModified\":\"2026-03-09T20:19:04+00:00\",\"breadcrumb\":{\"@id\":\"https:\\\/\\\/ensonpartiosiskot.partioscout.fi\\\/?page_id=8#breadcrumb\"},\"inLanguage\":\"fi\",\"potentialAction\":[{\"@type\":\"ReadAction\",\"target\":[\"https:\\\/\\\/ensonpartiosiskot.partioscout.fi\\\/?page_id=8\"]}]},{\"@type\":\"ImageObject\",\"inLanguage\":\"fi\",\"@id\":\"https:\\\/\\\/ensonpartiosiskot.partioscout.fi\\\/?page_id=8#primaryimage\",\"url\":\"https:\\\/\\\/ensonpartiosiskot.partioscout.fi\\\/wp-content\\\/uploads\\\/sites\\\/124\\\/2026\\\/02\\\/WhatsApp-Image-2026-01-21-at-08.47.35.jpeg\",\"contentUrl\":\"https:\\\/\\\/ensonpartiosiskot.partioscout.fi\\\/wp-content\\\/uploads\\\/sites\\\/124\\\/2026\\\/02\\\/WhatsApp-Image-2026-01-21-at-08.47.35.jpeg\",\"width\":1131,\"height\":1600},{\"@type\":\"BreadcrumbList\",\"@id\":\"https:\\\/\\\/ensonpartiosiskot.partioscout.fi\\\/?page_id=8#breadcrumb\",\"itemListElement\":[{\"@type\":\"ListItem\",\"position\":1,\"name\":\"Etusivu\",\"item\":\"https:\\\/\\\/ensonpartiosiskot.partioscout.fi\\\/\"},{\"@type\":\"ListItem\",\"position\":2,\"name\":\"Tapahtumat\"}]},{\"@type\":\"WebSite\",\"@id\":\"https:\\\/\\\/ensonpartiosiskot.partioscout.fi\\\/#website\",\"url\":\"https:\\\/\\\/ensonpartiosiskot.partioscout.fi\\\/\",\"name\":\"Enson Partiosiskot\",\"description\":\"Enson Partiosiskot on Imatralla toimiva lippukunta.\",\"potentialAction\":[{\"@type\":\"SearchAction\",\"target\":{\"@type\":\"EntryPoint\",\"urlTemplate\":\"https:\\\/\\\/ensonpartiosiskot.partioscout.fi\\\/?s={search_term_string}\"},\"query-input\":{\"@type\":\"PropertyValueSpecification\",\"valueRequired\":true,\"valueName\":\"search_term_string\"}}],\"inLanguage\":\"fi\"}]}<\/script>\n<!-- \/ Yoast SEO plugin. -->","yoast_head_json":{"title":"Tapahtumat - Enson Partiosiskot","robots":{"index":"index","follow":"follow","max-snippet":"max-snippet:-1","max-image-preview":"max-image-preview:large","max-video-preview":"max-video-preview:-1"},"canonical":"https:\/\/ensonpartiosiskot.partioscout.fi\/?page_id=8","og_locale":"fi_FI","og_type":"article","og_title":"Tapahtumat - Enson Partiosiskot","og_description":"Lippukunnan syysretki Puolen hehtaarin Epsimets\u00e4 17.-19.11.2023.Ilmoittautuminen p\u00e4\u00e4ttyy 18.11.","og_url":"https:\/\/ensonpartiosiskot.partioscout.fi\/?page_id=8","og_site_name":"Enson Partiosiskot","article_modified_time":"2026-03-09T20:19:04+00:00","og_image":[{"width":1131,"height":1600,"url":"https:\/\/ensonpartiosiskot.partioscout.fi\/wp-content\/uploads\/sites\/124\/2026\/02\/WhatsApp-Image-2026-01-21-at-08.47.35.jpeg","type":"image\/jpeg"}],"twitter_card":"summary_large_image","twitter_misc":{"Est. reading time":"2 minuuttia"},"schema":{"@context":"https:\/\/schema.org","@graph":[{"@type":"WebPage","@id":"https:\/\/ensonpartiosiskot.partioscout.fi\/?page_id=8","url":"https:\/\/ensonpartiosiskot.partioscout.fi\/?page_id=8","name":"Tapahtumat - Enson Partiosiskot","isPartOf":{"@id":"https:\/\/ensonpartiosiskot.partioscout.fi\/#website"},"primaryImageOfPage":{"@id":"https:\/\/ensonpartiosiskot.partioscout.fi\/?page_id=8#primaryimage"},"image":{"@id":"https:\/\/ensonpartiosiskot.partioscout.fi\/?page_id=8#primaryimage"},"thumbnailUrl":"https:\/\/ensonpartiosiskot.partioscout.fi\/wp-content\/uploads\/sites\/124\/2026\/02\/WhatsApp-Image-2026-01-21-at-08.47.35-724x1024.jpeg","datePublished":"2023-08-17T10:12:41+00:00","dateModified":"2026-03-09T20:19:04+00:00","breadcrumb":{"@id":"https:\/\/ensonpartiosiskot.partioscout.fi\/?page_id=8#breadcrumb"},"inLanguage":"fi","potentialAction":[{"@type":"ReadAction","target":["https:\/\/ensonpartiosiskot.partioscout.fi\/?page_id=8"]}]},{"@type":"ImageObject","inLanguage":"fi","@id":"https:\/\/ensonpartiosiskot.partioscout.fi\/?page_id=8#primaryimage","url":"https:\/\/ensonpartiosiskot.partioscout.fi\/wp-content\/uploads\/sites\/124\/2026\/02\/WhatsApp-Image-2026-01-21-at-08.47.35.jpeg","contentUrl":"https:\/\/ensonpartiosiskot.partioscout.fi\/wp-content\/uploads\/sites\/124\/2026\/02\/WhatsApp-Image-2026-01-21-at-08.47.35.jpeg","width":1131,"height":1600},{"@type":"BreadcrumbList","@id":"https:\/\/ensonpartiosiskot.partioscout.fi\/?page_id=8#breadcrumb","itemListElement":[{"@type":"ListItem","position":1,"name":"Etusivu","item":"https:\/\/ensonpartiosiskot.partioscout.fi\/"},{"@type":"ListItem","position":2,"name":"Tapahtumat"}]},{"@type":"WebSite","@id":"https:\/\/ensonpartiosiskot.partioscout.fi\/#website","url":"https:\/\/ensonpartiosiskot.partioscout.fi\/","name":"Enson Partiosiskot","description":"Enson Partiosiskot on Imatralla toimiva lippukunta.","potentialAction":[{"@type":"SearchAction","target":{"@type":"EntryPoint","urlTemplate":"https:\/\/ensonpartiosiskot.partioscout.fi\/?s={search_term_string}"},"query-input":{"@type":"PropertyValueSpecification","valueRequired":true,"valueName":"search_term_string"}}],"inLanguage":"fi"}]}},"_links":{"self":[{"href":"https:\/\/ensonpartiosiskot.partioscout.fi\/index.php?rest_route=\/wp\/v2\/pages\/8","targetHints":{"allow":["GET"]}}],"collection":[{"href":"https:\/\/ensonpartiosiskot.partioscout.fi\/index.php?rest_route=\/wp\/v2\/pages"}],"about":[{"href":"https:\/\/ensonpartiosiskot.partioscout.fi\/index.php?rest_route=\/wp\/v2\/types\/page"}],"author":[{"embeddable":true,"href":"https:\/\/ensonpartiosiskot.partioscout.fi\/index.php?rest_route=\/wp\/v2\/users\/244"}],"replies":[{"embeddable":true,"href":"https:\/\/ensonpartiosiskot.partioscout.fi\/index.php?rest_route=%2Fwp%2Fv2%2Fcomments&post=8"}],"version-history":[{"count":11,"href":"https:\/\/ensonpartiosiskot.partioscout.fi\/index.php?rest_route=\/wp\/v2\/pages\/8\/revisions"}],"predecessor-version":[{"id":322,"href":"https:\/\/ensonpartiosiskot.partioscout.fi\/index.php?rest_route=\/wp\/v2\/pages\/8\/revisions\/322"}],"wp:attachment":[{"href":"https:\/\/ensonpartiosiskot.partioscout.fi\/index.php?rest_route=%2Fwp%2Fv2%2Fmedia&parent=8"}],"curies":[{"name":"wp","href":"https:\/\/api.w.org\/{rel}","templated":true}]}}